{"id":21,"date":"2024-10-12T17:48:54","date_gmt":"2024-10-12T21:48:54","guid":{"rendered":"https:\/\/mlaferriere.ca\/projet_webjam\/?page_id=21"},"modified":"2024-10-13T10:49:03","modified_gmt":"2024-10-13T14:49:03","slug":"notre-equipe","status":"publish","type":"page","link":"https:\/\/mlaferriere.ca\/projet_webjam\/notre-equipe\/","title":{"rendered":"Notre \u00e9quipe"},"content":{"rendered":"\n<h2 class=\"wp-block-heading\">Nova Transit<\/h2>\n\n\n\n<p>Nova Transit fa\u00e7onne l&rsquo;avenir du transport avec des t\u00e9l\u00e9porteurs, des vaisseaux spatiaux r\u00e9volutionnaires et un jet pack de pointe. Voyagez instantan\u00e9ment, explorez l\u2019espace ou survolez les villes. Leur technologie repousse les fronti\u00e8res pour offrir une mobilit\u00e9 sans limites. Nova Transit, l&rsquo;innovation qui transforme vos d\u00e9placements.<\/p>\n","protected":false},"excerpt":{"rendered":"<p>Nova Transit Nova Transit fa\u00e7onne l&rsquo;avenir du transport avec des [&hellip;]<\/p>\n","protected":false},"author":1,"featured_media":145,"parent":0,"menu_order":0,"comment_status":"closed","ping_status":"closed","template":"tpl-equipe.php","meta":{"_acf_changed":false,"footnotes":""},"class_list":["post-21","page","type-page","status-publish","has-post-thumbnail","hentry"],"acf":[],"_links":{"self":[{"href":"https:\/\/mlaferriere.ca\/projet_webjam\/wp-json\/wp\/v2\/pages\/21","targetHints":{"allow":["GET"]}}],"collection":[{"href":"https:\/\/mlaferriere.ca\/projet_webjam\/wp-json\/wp\/v2\/pages"}],"about":[{"href":"https:\/\/mlaferriere.ca\/projet_webjam\/wp-json\/wp\/v2\/types\/page"}],"author":[{"embeddable":true,"href":"https:\/\/mlaferriere.ca\/projet_webjam\/wp-json\/wp\/v2\/users\/1"}],"replies":[{"embeddable":true,"href":"https:\/\/mlaferriere.ca\/projet_webjam\/wp-json\/wp\/v2\/comments?post=21"}],"version-history":[{"count":3,"href":"https:\/\/mlaferriere.ca\/projet_webjam\/wp-json\/wp\/v2\/pages\/21\/revisions"}],"predecessor-version":[{"id":118,"href":"https:\/\/mlaferriere.ca\/projet_webjam\/wp-json\/wp\/v2\/pages\/21\/revisions\/118"}],"wp:featuredmedia":[{"embeddable":true,"href":"https:\/\/mlaferriere.ca\/projet_webjam\/wp-json\/wp\/v2\/media\/145"}],"wp:attachment":[{"href":"https:\/\/mlaferriere.ca\/projet_webjam\/wp-json\/wp\/v2\/media?parent=21"}],"curies":[{"name":"wp","href":"https:\/\/api.w.org\/{rel}","templated":true}]}}