{"id":13,"date":"2024-10-12T17:47:42","date_gmt":"2024-10-12T21:47:42","guid":{"rendered":"https:\/\/mlaferriere.ca\/projet_webjam\/?page_id=13"},"modified":"2024-10-12T22:56:29","modified_gmt":"2024-10-13T02:56:29","slug":"accueil","status":"publish","type":"page","link":"https:\/\/mlaferriere.ca\/projet_webjam\/","title":{"rendered":"Nova Transit"},"content":{"rendered":"\n<p>Voyagez au-del\u00e0 des \u00e9toiles avec notre flotte spatiale de pointe. Exp\u00e9ditions interstellaires s\u00e9curis\u00e9es, rapides et confortables pour explorer l&rsquo;infini. L&rsquo;espace n&rsquo;a jamais \u00e9t\u00e9 aussi proche.<\/p>\n","protected":false},"excerpt":{"rendered":"<p>Voyagez au-del\u00e0 des \u00e9toiles avec notre flotte spatiale de pointe. [&hellip;]<\/p>\n","protected":false},"author":1,"featured_media":0,"parent":0,"menu_order":0,"comment_status":"closed","ping_status":"closed","template":"","meta":{"_acf_changed":false,"footnotes":""},"class_list":["post-13","page","type-page","status-publish","hentry"],"acf":[],"_links":{"self":[{"href":"https:\/\/mlaferriere.ca\/projet_webjam\/wp-json\/wp\/v2\/pages\/13","targetHints":{"allow":["GET"]}}],"collection":[{"href":"https:\/\/mlaferriere.ca\/projet_webjam\/wp-json\/wp\/v2\/pages"}],"about":[{"href":"https:\/\/mlaferriere.ca\/projet_webjam\/wp-json\/wp\/v2\/types\/page"}],"author":[{"embeddable":true,"href":"https:\/\/mlaferriere.ca\/projet_webjam\/wp-json\/wp\/v2\/users\/1"}],"replies":[{"embeddable":true,"href":"https:\/\/mlaferriere.ca\/projet_webjam\/wp-json\/wp\/v2\/comments?post=13"}],"version-history":[{"count":4,"href":"https:\/\/mlaferriere.ca\/projet_webjam\/wp-json\/wp\/v2\/pages\/13\/revisions"}],"predecessor-version":[{"id":105,"href":"https:\/\/mlaferriere.ca\/projet_webjam\/wp-json\/wp\/v2\/pages\/13\/revisions\/105"}],"wp:attachment":[{"href":"https:\/\/mlaferriere.ca\/projet_webjam\/wp-json\/wp\/v2\/media?parent=13"}],"curies":[{"name":"wp","href":"https:\/\/api.w.org\/{rel}","templated":true}]}}